{"id":3,"date":"2024-01-15T20:26:18","date_gmt":"2024-01-15T19:26:18","guid":{"rendered":"http:\/\/buy2ven.com\/?page_id=3"},"modified":"2025-08-09T21:32:49","modified_gmt":"2025-08-09T19:32:49","slug":"politica-privacidad","status":"publish","type":"page","link":"https:\/\/buy2ven.com\/index.php\/politica-privacidad\/","title":{"rendered":"Pol\u00edtica de B\u00fasqueda y Normas."},"content":{"rendered":"\n<p><strong>Normas y condiciones del servicio:<\/strong><\/p>\n\n\n\n<p class=\"has-ast-global-color-8-color has-text-color has-link-color wp-elements-dbbd69094ce6b5e76147bf677840ff73\">\u25cf El tiempo de entrega de cotizaci\u00f3n es el tiempo indicado seg\u00fan el tipo de membres\u00eda adquirida.<\/p>\n\n\n\n<p class=\"has-ast-global-color-8-color has-text-color has-link-color wp-elements-f45831a242849ddb3280182ac4486966\">\u25cf Una vez realizado el pago de la membres\u00eda y enviado tu documento de b\u00fasqueda, comienza correr el plazo de d\u00edas (h\u00e1biles) para la entrega de la cotizaci\u00f3n.<br>\u25cf Se procede a la b\u00fasqueda del proveedor adecuado seg\u00fan las caracter\u00edsticas solicitadas y las encontradas, se hace la relaci\u00f3n en cuanto al costo del producto, el pago asistido y env\u00edo hasta Venezuela.<br>\u25cf El servicio que est\u00e1 solicitando es en cuanto a la b\u00fasqueda completa de la informaci\u00f3n del producto requerido, no se realiza reembolso, ni abonado a otro tipo de servicio en el caso de no concretar la compra del mismo.<br>\u25cf Solo se realiza reembolso en el caso de que el operador no encuentre el producto solicitado.<br>\u25cf El proveedor es el \u00fanico  responsable de la garant\u00eda postventa del articulo.<br>\u25cf No se hace cambio de producto por uno nuevo, ya que una vez realizada la b\u00fasqueda y enviada la cotizaci\u00f3n, se entiende por finalizado.<\/p>\n\n\n\n<p class=\"has-ast-global-color-8-color has-text-color has-link-color wp-elements-2cc22666696e8a28868b1c28087e0e2f\"><strong>Productos que no se realiza la asistencia de b\u00fasqueda:<\/strong><\/p>\n\n\n\n<p class=\"has-ast-global-color-8-color has-text-color has-link-color wp-elements-2b202f7b28a80c1433e86d6d0212fea6\">\u25cf No realizamos b\u00fasquedas de art\u00edculos con MARCA RECONOCIDAS que no se encuentran en Alibaba, en caso de solicitar la b\u00fasqueda<br>de un producto con MARCA, se har\u00e1 la b\u00fasqueda por uno similar o prototipo.<br><br>\u25cf No realizamos b\u00fasquedas de art\u00edculos de MAQUILLAJE, SKINCARE Y AFINES.<br><br>\u25cf No realizamos b\u00fasquedas de art\u00edculos de ROPA, ZAPATOS Y\/O ACCESORIOS a menos que sean modelos, tallas y colores espec\u00edficos, donde cada modelo cuenta como un producto diferente.<br><br>\u25cf De querer solicitar la b\u00fasqueda de REPUESTOS AUTOMOTRIZ verificar antes con el asesor.<\/p>\n\n\n\n<p><\/p>\n\n\n\n<p><\/p>\n","protected":false},"excerpt":{"rendered":"<p>Normas y condiciones del servicio: \u25cf El tiempo de entrega de cotizaci\u00f3n es el tiempo indicado seg\u00fan el tipo de [&hellip;]<\/p>\n","protected":false},"author":1,"featured_media":0,"parent":0,"menu_order":0,"comment_status":"closed","ping_status":"open","template":"","meta":{"site-sidebar-layout":"default","site-content-layout":"","ast-site-content-layout":"","site-content-style":"default","site-sidebar-style":"default","ast-global-header-display":"","ast-banner-title-visibility":"","ast-main-header-display":"","ast-hfb-above-header-display":"","ast-hfb-below-header-display":"","ast-hfb-mobile-header-display":"","site-post-title":"","ast-breadcrumbs-content":"","ast-featured-img":"","footer-sml-layout":"","theme-transparent-header-meta":"","adv-header-id-meta":"","stick-header-meta":"","header-above-stick-meta":"","header-main-stick-meta":"","header-below-stick-meta":"","astra-migrate-meta-layouts":"default","ast-page-background-enabled":"default","ast-page-background-meta":{"desktop":{"background-color":"var(--ast-global-color-4)","background-image":"","background-repeat":"repeat","background-position":"center center","background-size":"auto","background-attachment":"scroll","background-type":"","background-media":"","overlay-type":"","overlay-color":"","overlay-gradient":""},"tablet":{"background-color":"","background-image":"","background-repeat":"repeat","background-position":"center center","background-size":"auto","background-attachment":"scroll","background-type":"","background-media":"","overlay-type":"","overlay-color":"","overlay-gradient":""},"mobile":{"background-color":"","background-image":"","background-repeat":"repeat","background-position":"center center","background-size":"auto","background-attachment":"scroll","background-type":"","background-media":"","overlay-type":"","overlay-color":"","overlay-gradient":""}},"ast-content-background-meta":{"desktop":{"background-color":"var(--ast-global-color-5)","background-image":"","background-repeat":"repeat","background-position":"center center","background-size":"auto","background-attachment":"scroll","background-type":"","background-media":"","overlay-type":"","overlay-color":"","overlay-gradient":""},"tablet":{"background-color":"var(--ast-global-color-5)","background-image":"","background-repeat":"repeat","background-position":"center center","background-size":"auto","background-attachment":"scroll","background-type":"","background-media":"","overlay-type":"","overlay-color":"","overlay-gradient":""},"mobile":{"background-color":"var(--ast-global-color-5)","background-image":"","background-repeat":"repeat","background-position":"center center","background-size":"auto","background-attachment":"scroll","background-type":"","background-media":"","overlay-type":"","overlay-color":"","overlay-gradient":""}},"footnotes":""},"_links":{"self":[{"href":"https:\/\/buy2ven.com\/index.php\/wp-json\/wp\/v2\/pages\/3"}],"collection":[{"href":"https:\/\/buy2ven.com\/index.php\/wp-json\/wp\/v2\/pages"}],"about":[{"href":"https:\/\/buy2ven.com\/index.php\/wp-json\/wp\/v2\/types\/page"}],"author":[{"embeddable":true,"href":"https:\/\/buy2ven.com\/index.php\/wp-json\/wp\/v2\/users\/1"}],"replies":[{"embeddable":true,"href":"https:\/\/buy2ven.com\/index.php\/wp-json\/wp\/v2\/comments?post=3"}],"version-history":[{"count":4,"href":"https:\/\/buy2ven.com\/index.php\/wp-json\/wp\/v2\/pages\/3\/revisions"}],"predecessor-version":[{"id":142,"href":"https:\/\/buy2ven.com\/index.php\/wp-json\/wp\/v2\/pages\/3\/revisions\/142"}],"wp:attachment":[{"href":"https:\/\/buy2ven.com\/index.php\/wp-json\/wp\/v2\/media?parent=3"}],"curies":[{"name":"wp","href":"https:\/\/api.w.org\/{rel}","templated":true}]}}