{"id":66,"date":"2024-01-17T05:31:20","date_gmt":"2024-01-17T04:31:20","guid":{"rendered":"https:\/\/buy2ven.com\/index.php\/register\/"},"modified":"2024-01-17T05:31:20","modified_gmt":"2024-01-17T04:31:20","slug":"register","status":"publish","type":"page","link":"https:\/\/buy2ven.com\/index.php\/register\/","title":{"rendered":"Registro"},"content":{"rendered":"\n<div class=\"um um-register um-51\">\n\t<div class=\"um-form\" data-mode=\"register\">\n\t\t<form method=\"post\" action=\"\">\n\t\t\t<div class=\"um-row _um_row_1 \" style=\"margin: 0 0 30px 0;\"><div class=\"um-col-1\"><div  id=\"um_field_51_user_login\" class=\"um-field um-field-text  um-field-user_login um-field-text um-field-type_text\" data-key=\"user_login\"><div class=\"um-field-label\"><label for=\"user_login-51\">Nombre de usuario<\/label><div class=\"um-clear\"><\/div><\/div><div class=\"um-field-area\"><input  autocomplete=\"off\" class=\"um-form-field valid \" type=\"text\" name=\"user_login-51\" id=\"user_login-51\" value=\"\" placeholder=\"\" data-validate=\"unique_username\" data-key=\"user_login\"  aria-invalid=\"false\" \/>\n\n\t\t\t\t\t\t<\/div><\/div><div  id=\"um_field_51_first_name\" class=\"um-field um-field-text  um-field-first_name um-field-text um-field-type_text\" data-key=\"first_name\"><div class=\"um-field-label\"><label for=\"first_name-51\">Nombre<\/label><div class=\"um-clear\"><\/div><\/div><div class=\"um-field-area\"><input  autocomplete=\"off\" class=\"um-form-field valid \" type=\"text\" name=\"first_name-51\" id=\"first_name-51\" value=\"\" placeholder=\"\" data-validate=\"\" data-key=\"first_name\"  aria-invalid=\"false\" \/>\n\n\t\t\t\t\t\t<\/div><\/div><div  id=\"um_field_51_last_name\" class=\"um-field um-field-text  um-field-last_name um-field-text um-field-type_text\" data-key=\"last_name\"><div class=\"um-field-label\"><label for=\"last_name-51\">Apellidos<\/label><div class=\"um-clear\"><\/div><\/div><div class=\"um-field-area\"><input  autocomplete=\"off\" class=\"um-form-field valid \" type=\"text\" name=\"last_name-51\" id=\"last_name-51\" value=\"\" placeholder=\"\" data-validate=\"\" data-key=\"last_name\"  aria-invalid=\"false\" \/>\n\n\t\t\t\t\t\t<\/div><\/div><div  id=\"um_field_51_plan\" class=\"um-field um-field-checkbox  um-field-plan um-field-checkbox um-field-type_checkbox\" data-key=\"plan\"  aria-invalid=\"false\" ><div class=\"um-field-label\"><div class=\"um-field-label-icon\"><i class=\"um-icon-android-bulb\" aria-label=\"Plan a escoger\"><\/i><\/div><label for=\"plan-51\">Plan a escoger<\/label><span class=\"um-tip um-tip-w\" title=\"Con que plan te afiliaras?\"><i class=\"um-icon-help-circled\"><\/i><\/span><div class=\"um-clear\"><\/div><\/div><div class=\"um-field-area\"><label class=\"um-field-checkbox  um-field-half \"><input   type=\"checkbox\" name=\"plan[]\" value=\"Plan Basico (1 Art )\"  \/><span class=\"um-field-checkbox-state\"><i class=\"um-icon-android-checkbox-outline-blank\"><\/i><\/span><span class=\"um-field-checkbox-option\">Plan Basico (1 Art )<\/span><\/label><label class=\"um-field-checkbox  um-field-half  right \"><input   type=\"checkbox\" name=\"plan[]\" value=\"Plan Premiun (4 Art)\"  \/><span class=\"um-field-checkbox-state\"><i class=\"um-icon-android-checkbox-outline-blank\"><\/i><\/span><span class=\"um-field-checkbox-option\">Plan Premiun (4 Art)<\/span><\/label><div class=\"um-clear\"><\/div><label class=\"um-field-checkbox  um-field-half \"><input   type=\"checkbox\" name=\"plan[]\" value=\"Plan VIP (10 Art)\"  \/><span class=\"um-field-checkbox-state\"><i class=\"um-icon-android-checkbox-outline-blank\"><\/i><\/span><span class=\"um-field-checkbox-option\">Plan VIP (10 Art)<\/span><\/label><div class=\"um-clear\"><\/div><\/div><\/div><div  id=\"um_field_51_user_email\" class=\"um-field um-field-text  um-field-user_email um-field-text um-field-type_text\" data-key=\"user_email\"><div class=\"um-field-label\"><label for=\"user_email-51\">Direcci\u00f3n de correo electr\u00f3nico<\/label><div class=\"um-clear\"><\/div><\/div><div class=\"um-field-area\"><input  autocomplete=\"off\" class=\"um-form-field valid \" type=\"text\" name=\"user_email-51\" id=\"user_email-51\" value=\"\" placeholder=\"\" data-validate=\"unique_email\" data-key=\"user_email\"  aria-invalid=\"false\" \/>\n\n\t\t\t\t\t\t<\/div><\/div><div  id=\"um_field_51_user_password\" class=\"um-field um-field-password  um-field-user_password um-field-password um-field-type_password\" data-key=\"user_password\"><div class=\"um-field-label\"><label for=\"user_password-51\">Contrase\u00f1a<\/label><div class=\"um-clear\"><\/div><\/div><div class=\"um-field-area\"><input class=\"um-form-field valid \" type=\"password\" name=\"user_password-51\" id=\"user_password-51\" value=\"\" placeholder=\"\" data-validate=\"\" data-key=\"user_password\"  aria-invalid=\"false\" \/>\n\n\t\t\t\t\t\t\t<\/div><\/div><div  id=\"um_field_51_confirm_user_password\" class=\"um-field um-field-password  um-field-user_password um-field-password um-field-type_password\" data-key=\"confirm_user_password\"><div class=\"um-field-label\"><label for=\"confirm_user_password-51\">Confirmar Contrase\u00f1a<\/label><div class=\"um-clear\"><\/div><\/div><div class=\"um-field-area\"><input class=\"um-form-field valid \" type=\"password\" name=\"confirm_user_password-51\" id=\"confirm_user_password-51\" value=\"\" placeholder=\"Confirmar Contrase\u00f1a\" data-validate=\"\" data-key=\"confirm_user_password\"  aria-invalid=\"false\" \/><\/div><\/div><\/div><\/div>\n<!-- This file should primarily consist of HTML with a little bit of PHP. -->\n<div class=\"um-field um-field-type_terms_conditions\" data-key=\"use_terms_conditions_agreement\" style=\"display:block;padding:0;\">\n\t<div class=\"um-field-area\">\n\t\t<div class=\"um-gdpr-content\" style=\"display:none;\">\n\t\t\t\n<p><strong>Normas y condiciones del servicio:<\/strong><\/p>\n\n\n\n<p class=\"has-ast-global-color-8-color has-text-color has-link-color wp-elements-dbbd69094ce6b5e76147bf677840ff73\">\u25cf El tiempo de entrega de cotizaci\u00f3n es el tiempo indicado seg\u00fan el tipo de membres\u00eda adquirida.<\/p>\n\n\n\n<p class=\"has-ast-global-color-8-color has-text-color has-link-color wp-elements-f45831a242849ddb3280182ac4486966\">\u25cf Una vez realizado el pago de la membres\u00eda y enviado tu documento de b\u00fasqueda, comienza correr el plazo de d\u00edas (h\u00e1biles) para la entrega de la cotizaci\u00f3n.<br>\u25cf Se procede a la b\u00fasqueda del proveedor adecuado seg\u00fan las caracter\u00edsticas solicitadas y las encontradas, se hace la relaci\u00f3n en cuanto al costo del producto, el pago asistido y env\u00edo hasta Venezuela.<br>\u25cf El servicio que est\u00e1 solicitando es en cuanto a la b\u00fasqueda completa de la informaci\u00f3n del producto requerido, no se realiza reembolso, ni abonado a otro tipo de servicio en el caso de no concretar la compra del mismo.<br>\u25cf Solo se realiza reembolso en el caso de que el operador no encuentre el producto solicitado.<br>\u25cf El proveedor es el \u00fanico  responsable de la garant\u00eda postventa del articulo.<br>\u25cf No se hace cambio de producto por uno nuevo, ya que una vez realizada la b\u00fasqueda y enviada la cotizaci\u00f3n, se entiende por finalizado.<\/p>\n\n\n\n<p class=\"has-ast-global-color-8-color has-text-color has-link-color wp-elements-2cc22666696e8a28868b1c28087e0e2f\"><strong>Productos que no se realiza la asistencia de b\u00fasqueda:<\/strong><\/p>\n\n\n\n<p class=\"has-ast-global-color-8-color has-text-color has-link-color wp-elements-2b202f7b28a80c1433e86d6d0212fea6\">\u25cf No realizamos b\u00fasquedas de art\u00edculos con MARCA RECONOCIDAS que no se encuentran en Alibaba, en caso de solicitar la b\u00fasqueda<br>de un producto con MARCA, se har\u00e1 la b\u00fasqueda por uno similar o prototipo.<br><br>\u25cf No realizamos b\u00fasquedas de art\u00edculos de MAQUILLAJE, SKINCARE Y AFINES.<br><br>\u25cf No realizamos b\u00fasquedas de art\u00edculos de ROPA, ZAPATOS Y\/O ACCESORIOS a menos que sean modelos, tallas y colores espec\u00edficos, donde cada modelo cuenta como un producto diferente.<br><br>\u25cf De querer solicitar la b\u00fasqueda de REPUESTOS AUTOMOTRIZ verificar antes con el asesor.<\/p>\n\n\n\n<p><\/p>\n\n\n\n<p><\/p>\n\t\t<\/div>\n\n\t\t\n\t\t<a href=\"javascript:void(0);\" class=\"um-toggle-gdpr\" data-toggle-state=\"hidden\"\n\t\t   data-toggle-show=\"Mostrar productos restrigindos.\"\n\t\t   data-toggle-hide=\"Ocultar productos restrigindos.\">\n\t\t\tMostrar productos restrigindos.\t\t<\/a>\n\t<\/div>\n\t<div class=\"um-field-area\">\n\n\t\t\n\t\t<label class=\"um-field-checkbox\">\n\t\t\t<input type=\"checkbox\" name=\"use_gdpr_agreement\" value=\"1\">\n\t\t\t<span class=\"um-field-checkbox-state\"><i class=\"um-icon-android-checkbox-outline-blank\"><\/i><\/span>\n\t\t\t<span class=\"um-field-checkbox-option\">Por favor, confirma que est\u00e1s de acuerdo con nuestra pol\u00edtica de busqueda y normas.<\/span>\n\t\t<\/label>\n\t\t<div class=\"um-clear\"><\/div>\n\n\t\t\n\t\t<div class=\"um-clear\"><\/div>\n\t<\/div>\n<\/div>\n\t\t<input type=\"hidden\" name=\"form_id\" id=\"form_id_51\" value=\"51\" \/>\n\t\n\t<p class=\"um_request_name\">\n\t\t<label for=\"um_request_51\">Only fill in if you are not human<\/label>\n\t\t<input type=\"hidden\" name=\"um_request\" id=\"um_request_51\" class=\"input\" value=\"\" size=\"25\" autocomplete=\"off\" \/>\n\t<\/p>\n\n\t<input type=\"hidden\" id=\"_wpnonce\" name=\"_wpnonce\" value=\"03780c0302\" \/><input type=\"hidden\" name=\"_wp_http_referer\" value=\"\/index.php\/wp-json\/wp\/v2\/pages\/66\" \/>\n\t<div class=\"um-col-alt\">\n\n\t\t\n\t\t\t<div class=\"um-center\">\n\t\t\t\t<input type=\"submit\" value=\"Registrarme\" class=\"um-button\" id=\"um-submit-btn\" \/>\n\t\t\t<\/div>\n\n\t\t\n\t\t<div class=\"um-clear\"><\/div>\n\n\t<\/div>\n\n\t\t\t<\/form>\n\t<\/div>\n<\/div>\n<style>\n\t\t\t.um-51.um {\n\t\t\tmax-width: 450px;\n\t\t}\n\t\t<\/style>\n\n","protected":false},"excerpt":{"rendered":"","protected":false},"author":1,"featured_media":0,"parent":0,"menu_order":0,"comment_status":"closed","ping_status":"closed","template":"","meta":{"site-sidebar-layout":"default","site-content-layout":"","ast-site-content-layout":"","site-content-style":"default","site-sidebar-style":"default","ast-global-header-display":"","ast-banner-title-visibility":"","ast-main-header-display":"","ast-hfb-above-header-display":"","ast-hfb-below-header-display":"","ast-hfb-mobile-header-display":"","site-post-title":"","ast-breadcrumbs-content":"","ast-featured-img":"","footer-sml-layout":"","theme-transparent-header-meta":"","adv-header-id-meta":"","stick-header-meta":"","header-above-stick-meta":"","header-main-stick-meta":"","header-below-stick-meta":"","astra-migrate-meta-layouts":"default","ast-page-background-enabled":"default","ast-page-background-meta":{"desktop":{"background-color":"var(--ast-global-color-4)","background-image":"","background-repeat":"repeat","background-position":"center center","background-size":"auto","background-attachment":"scroll","background-type":"","background-media":"","overlay-type":"","overlay-color":"","overlay-gradient":""},"tablet":{"background-color":"","background-image":"","background-repeat":"repeat","background-position":"center center","background-size":"auto","background-attachment":"scroll","background-type":"","background-media":"","overlay-type":"","overlay-color":"","overlay-gradient":""},"mobile":{"background-color":"","background-image":"","background-repeat":"repeat","background-position":"center center","background-size":"auto","background-attachment":"scroll","background-type":"","background-media":"","overlay-type":"","overlay-color":"","overlay-gradient":""}},"ast-content-background-meta":{"desktop":{"background-color":"var(--ast-global-color-5)","background-image":"","background-repeat":"repeat","background-position":"center center","background-size":"auto","background-attachment":"scroll","background-type":"","background-media":"","overlay-type":"","overlay-color":"","overlay-gradient":""},"tablet":{"background-color":"var(--ast-global-color-5)","background-image":"","background-repeat":"repeat","background-position":"center center","background-size":"auto","background-attachment":"scroll","background-type":"","background-media":"","overlay-type":"","overlay-color":"","overlay-gradient":""},"mobile":{"background-color":"var(--ast-global-color-5)","background-image":"","background-repeat":"repeat","background-position":"center center","background-size":"auto","background-attachment":"scroll","background-type":"","background-media":"","overlay-type":"","overlay-color":"","overlay-gradient":""}},"footnotes":""},"_links":{"self":[{"href":"https:\/\/buy2ven.com\/index.php\/wp-json\/wp\/v2\/pages\/66"}],"collection":[{"href":"https:\/\/buy2ven.com\/index.php\/wp-json\/wp\/v2\/pages"}],"about":[{"href":"https:\/\/buy2ven.com\/index.php\/wp-json\/wp\/v2\/types\/page"}],"author":[{"embeddable":true,"href":"https:\/\/buy2ven.com\/index.php\/wp-json\/wp\/v2\/users\/1"}],"replies":[{"embeddable":true,"href":"https:\/\/buy2ven.com\/index.php\/wp-json\/wp\/v2\/comments?post=66"}],"version-history":[{"count":0,"href":"https:\/\/buy2ven.com\/index.php\/wp-json\/wp\/v2\/pages\/66\/revisions"}],"wp:attachment":[{"href":"https:\/\/buy2ven.com\/index.php\/wp-json\/wp\/v2\/media?parent=66"}],"curies":[{"name":"wp","href":"https:\/\/api.w.org\/{rel}","templated":true}]}}